{"id":29,"date":"2014-02-07T12:56:24","date_gmt":"2014-02-07T12:56:24","guid":{"rendered":"http:\/\/clapat.ro\/themes\/newave-wordpress\/?page_id=29"},"modified":"2024-04-06T14:36:48","modified_gmt":"2024-04-06T11:36:48","slug":"iletisim","status":"publish","type":"page","link":"https:\/\/beylice.com\/otel\/iletisim\/","title":{"rendered":"\u0130leti\u015fim"},"content":{"rendered":"<p>[vc_row][vc_column]<div class=\"contact-details\"><div class=\"phone-icon\"><img decoding=\"async\" src=\"https:\/\/beylice.com\/otel\/wp-content\/themes\/newave-theme\/images\/phone_white_big.png\" alt=\"\" \/><\/div><div class=\"company-phone\"><a>0 (282) 726 4450Haluk Demir: 0501 369 44 50<\/a><\/div><i class=\"fa fa-envelope-o fa-inverse fa-2x\"><\/i><h5 class=\"company-email\">halukdemir546@gmail.com<\/h5><i class=\"fa fa-map-marker fa-inverse fa-2x\"><\/i><h5 class=\"company-address\">Gazi Osman Pa\u015fa Mahallesi, Atat\u00fcrk Caddesi, No:87, \u00c7erkezk\u00f6y\/Tekirda\u011f<\/h5><\/div>[\/vc_column][\/vc_row]<\/p>\n","protected":false},"excerpt":{"rendered":"<p>[vc_row][vc_column][\/vc_column][\/vc_row]<\/p>\n","protected":false},"author":1,"featured_media":0,"parent":0,"menu_order":0,"comment_status":"open","ping_status":"open","template":"","meta":{"footnotes":""},"_links":{"self":[{"href":"https:\/\/beylice.com\/otel\/wp-json\/wp\/v2\/pages\/29"}],"collection":[{"href":"https:\/\/beylice.com\/otel\/wp-json\/wp\/v2\/pages"}],"about":[{"href":"https:\/\/beylice.com\/otel\/wp-json\/wp\/v2\/types\/page"}],"author":[{"embeddable":true,"href":"https:\/\/beylice.com\/otel\/wp-json\/wp\/v2\/users\/1"}],"replies":[{"embeddable":true,"href":"https:\/\/beylice.com\/otel\/wp-json\/wp\/v2\/comments?post=29"}],"version-history":[{"count":15,"href":"https:\/\/beylice.com\/otel\/wp-json\/wp\/v2\/pages\/29\/revisions"}],"predecessor-version":[{"id":403,"href":"https:\/\/beylice.com\/otel\/wp-json\/wp\/v2\/pages\/29\/revisions\/403"}],"wp:attachment":[{"href":"https:\/\/beylice.com\/otel\/wp-json\/wp\/v2\/media?parent=29"}],"curies":[{"name":"wp","href":"https:\/\/api.w.org\/{rel}","templated":true}]}}